{"id":1017,"date":"2022-09-08T15:06:35","date_gmt":"2022-09-08T13:06:35","guid":{"rendered":"https:\/\/acheda-hotel.com\/il-tuo-seminario-da-noi\/"},"modified":"2023-06-13T22:25:52","modified_gmt":"2023-06-13T20:25:52","slug":"il-tuo-seminario-da-noi","status":"publish","type":"page","link":"https:\/\/acheda-hotel.com\/it\/il-tuo-seminario-da-noi\/","title":{"rendered":"Il tuo seminario da noi"},"content":{"rendered":"<div class=\"wpb-content-wrapper\"><p>[vc_row equal_height=&#8221;yes&#8221; css=&#8221;.vc_custom_1652274208009{background-position: center !important;background-repeat: no-repeat !important;background-size: contain !important;}&#8221;][vc_column width=&#8221;1\/3&#8243; css=&#8221;.vc_custom_1679577687939{background-image: url(https:\/\/acheda-hotel.com\/wp-content\/uploads\/2022\/05\/left-side-bg-100pct.png?id=84) !important;background-position: center !important;background-repeat: no-repeat !important;background-size: contain !important;}&#8221;][\/vc_column][vc_column width=&#8221;1\/3&#8243;]<div class=\"ult-spacer spacer-69d85a0e6af38\" data-id=\"69d85a0e6af38\" data-height=\"50\" data-height-mobile=\"50\" data-height-tab=\"50\" data-height-tab-portrait=\"\" data-height-mobile-landscape=\"\" style=\"clear:both;display:block;\"><\/div>[vc_custom_heading text=&#8221;Seminari tranquilli&#8221; font_container=&#8221;tag:h1|text_align:center&#8221; use_theme_fonts=&#8221;yes&#8221;][vc_custom_heading text=&#8221;per una maggiore efficienza&#8221; font_container=&#8221;tag:h2|text_align:center&#8221; use_theme_fonts=&#8221;yes&#8221;]<div class=\"ult-spacer spacer-69d85a0e6af5a\" data-id=\"69d85a0e6af5a\" data-height=\"25\" data-height-mobile=\"25\" data-height-tab=\"25\" data-height-tab-portrait=\"\" data-height-mobile-landscape=\"\" style=\"clear:both;display:block;\"><\/div>[vc_column_text]<\/p>\n<p style=\"text-align: center;\">A Cheda vi accoglie per seminari da<br \/>\n8 a 10 persone.<br \/>\nA disposizione: una sala climatizzata<br \/>\ncon videoproiettore, schermo e accesso wi-fi.<\/p>\n<p style=\"text-align: center;\">E tutti i nostri servizi alberghieri e di catering in loco,<br \/>\nper divertimento e tranquillit\u00e0.<\/p>\n<p style=\"text-align: center;\">Offriamo anche un servizio di navetta tra il porto e l&#8217;aeroporto o il porto di Bonifacio,<br \/>\nnonch\u00e9 l&#8217;organizzazione di varie attivit\u00e0 ricreative (corsi di enologia, laboratori di oli essenziali, attivit\u00e0 pedonali e nautiche, passeggiate in mare, visite guidate&#8230;).<\/p>\n<p>[\/vc_column_text]<div class=\"ult-spacer spacer-69d85a0e6af69\" data-id=\"69d85a0e6af69\" data-height=\"15\" data-height-mobile=\"15\" data-height-tab=\"15\" data-height-tab-portrait=\"\" data-height-mobile-landscape=\"\" style=\"clear:both;display:block;\"><\/div>[vc_custom_heading text=&#8221;Un team dedicato \u00e8 al vostro servizio, contattateci.&#8221; font_container=&#8221;tag:h3|text_align:center&#8221; use_theme_fonts=&#8221;yes&#8221;]<div class=\"ult-spacer spacer-69d85a0e6af7d\" data-id=\"69d85a0e6af7d\" data-height=\"50\" data-height-mobile=\"50\" data-height-tab=\"50\" data-height-tab-portrait=\"\" data-height-mobile-landscape=\"\" style=\"clear:both;display:block;\"><\/div>[\/vc_column][vc_column width=&#8221;1\/3&#8243; css=&#8221;.vc_custom_1679577696208{background-image: url(https:\/\/acheda-hotel.com\/wp-content\/uploads\/2022\/05\/side-bg-acheda-100pct.png?id=79) !important;background-position: center !important;background-repeat: no-repeat !important;background-size: contain !important;}&#8221;][\/vc_column][\/vc_row][vc_row full_width=&#8221;stretch_row_content_no_spaces&#8221;][vc_column]<div class=\"ult-spacer spacer-69d85a0e6af8c\" data-id=\"69d85a0e6af8c\" data-height=\"100\" data-height-mobile=\"100\" data-height-tab=\"100\" data-height-tab-portrait=\"\" data-height-mobile-landscape=\"\" style=\"clear:both;display:block;\"><\/div><div class=\"sbvcgmap-map-wrapper\" style=\"width:100%;height:500px\"><div class=\"sbvcgmap-map\" zoom=\"12\" maptype=\"ROADMAP\" panoramatogglebutton=\"no\" pancontrol=\"no\" pancontrol_position=\"TOP_LEFT\" zoomcontrol=\"yes\" zoomcontrol_position=\"RIGHT_BOTTOM\" zoomcontrolstyle=\"SMALL\" maptypecontrol=\"no\" maptypecontrol_position=\"TOP_RIGHT\" streetviewcontrol=\"no\" streetviewcontrol_position=\"TOP_LEFT\" overviewmapcontrol=\"no\" overviewmapcontrolvisible=\"no\" maptypecontrolstyle=\"DEFAULT\" mapstyle=\"style-18\" weather=\"no\" traffic=\"no\" transit=\"no\" bicycle=\"no\" panoramio=\"no\" draggable=\"yes\" scrollwheel=\"no\" cplatitude=\"0\" cplongitude=\"0\" scalecontrol=\"no\" searchtype=\"disabled\" searchradius=\"500\" searchiconanimation=\"NONE\" searchdirectiontext=\"\" reloadonresize=\"no\" clustering=\"no\" style=\"width:100%;height:500px\"><div class=\"sbvcgmap-marker\" data-lat=\"41.406219429161\" data-lng=\"9.1695051525463\" infowindow=\"yes\" animation=\"NONE\" customstyles=\"no\" >Lodge A Cheda &#8211; A Speranza<\/div><\/div><\/div>[\/vc_column][\/vc_row]<\/p>\n<\/div>","protected":false},"excerpt":{"rendered":"<p>[vc_row equal_height=&#8221;yes&#8221; css=&#8221;.vc_custom_1652274208009{background-position: center !important;background-repeat: no-repeat !important;background-size: contain !important;}&#8221;][vc_column width=&#8221;1\/3&#8243; css=&#8221;.vc_custom_1679577687939{background-image: url(https:\/\/acheda-hotel.com\/wp-content\/uploads\/2022\/05\/left-side-bg-100pct.png?id=84) !important;background-position: center !important;background-repeat: no-repeat !important;background-size: contain !important;}&#8221;][\/vc_column][vc_column width=&#8221;1\/3&#8243;][vc_custom_heading text=&#8221;Seminari tranquilli&#8221; font_container=&#8221;tag:h1|text_align:center&#8221; use_theme_fonts=&#8221;yes&#8221;][vc_custom_heading text=&#8221;per una maggiore efficienza&#8221; font_container=&#8221;tag:h2|text_align:center&#8221; use_theme_fonts=&#8221;yes&#8221;][vc_column_text] A Cheda vi accoglie per seminari da 8 a 10 persone. A disposizione: una sala climatizzata con videoproiettore, schermo e accesso wi-fi. E tutti i&hellip;<\/p>\n","protected":false},"author":1,"featured_media":0,"parent":0,"menu_order":60,"comment_status":"closed","ping_status":"closed","template":"","meta":{"footnotes":""},"class_list":["post-1017","page","type-page","status-publish","hentry","description-off"],"aioseo_notices":[],"_links":{"self":[{"href":"https:\/\/acheda-hotel.com\/it\/wp-json\/wp\/v2\/pages\/1017","targetHints":{"allow":["GET"]}}],"collection":[{"href":"https:\/\/acheda-hotel.com\/it\/wp-json\/wp\/v2\/pages"}],"about":[{"href":"https:\/\/acheda-hotel.com\/it\/wp-json\/wp\/v2\/types\/page"}],"author":[{"embeddable":true,"href":"https:\/\/acheda-hotel.com\/it\/wp-json\/wp\/v2\/users\/1"}],"replies":[{"embeddable":true,"href":"https:\/\/acheda-hotel.com\/it\/wp-json\/wp\/v2\/comments?post=1017"}],"version-history":[{"count":3,"href":"https:\/\/acheda-hotel.com\/it\/wp-json\/wp\/v2\/pages\/1017\/revisions"}],"predecessor-version":[{"id":1333,"href":"https:\/\/acheda-hotel.com\/it\/wp-json\/wp\/v2\/pages\/1017\/revisions\/1333"}],"wp:attachment":[{"href":"https:\/\/acheda-hotel.com\/it\/wp-json\/wp\/v2\/media?parent=1017"}],"curies":[{"name":"wp","href":"https:\/\/api.w.org\/{rel}","templated":true}]}}